{"id":15,"date":"2025-01-26T18:21:49","date_gmt":"2025-01-26T18:21:49","guid":{"rendered":"https:\/\/wealth4your.life\/?page_id=15"},"modified":"2025-01-26T18:21:49","modified_gmt":"2025-01-26T18:21:49","slug":"testimonios","status":"publish","type":"page","link":"https:\/\/wealth4your.life\/?page_id=15","title":{"rendered":"Testimonios"},"content":{"rendered":"<p>[et_pb_section fb_built=&#8221;1&#8243; admin_label=&#8221;Hero&#8221; _builder_version=&#8221;4.18.0&#8243; _module_preset=&#8221;default&#8221; hover_enabled=&#8221;0&#8243; locked=&#8221;off&#8221; template_type=&#8221;section&#8221; collapsed=&#8221;on&#8221; global_colors_info=&#8221;{}&#8221;][et_pb_row _builder_version=&#8221;4.24.2&#8243; _module_preset=&#8221;5138c454-be54-4233-bd3b-f8e6a8747976&#8243; hover_enabled=&#8221;0&#8243; locked=&#8221;off&#8221; global_colors_info=&#8221;{}&#8221;][et_pb_column type=&#8221;4_4&#8243; _builder_version=&#8221;4.23.1&#8243; _module_preset=&#8221;73121f80-a3ef-4484-8763-c3f18e3c56d2&#8243; hover_enabled=&#8221;0&#8243; global_colors_info=&#8221;{}&#8221;][et_pb_heading title=&#8221;Descubre la Voz de Nuestros Clientes&#8221; _builder_version=&#8221;4.24.2&#8243; _module_preset=&#8221;f0c675ea-2574-4d0e-b725-30f8550a8550&#8243; title_text_align=&#8221;center&#8221; title_text_color=&#8221;gcid-primary-color&#8221; hover_enabled=&#8221;0&#8243; locked=&#8221;off&#8221; global_colors_info=&#8221;{%22gcid-primary-color%22:%91%22title_text_color%22%93}&#8221;][\/et_pb_heading][et_pb_heading title=&#8221;Testimonios que Hablan por S\u00ed Mismos&#8221; _builder_version=&#8221;4.24.2&#8243; _module_preset=&#8221;ddeb8c09-9078-4424-bc15-2efb6572e28e&#8221; title_text_align=&#8221;center&#8221; hover_enabled=&#8221;0&#8243; locked=&#8221;off&#8221; global_colors_info=&#8221;{%22gcid-primary-color%22:%91%22title_text_color%22%93}&#8221;][\/et_pb_heading][et_pb_text _builder_version=&#8221;4.24.3&#8243; _module_preset=&#8221;2c55a9c4-feed-423b-9edb-ae0b5b365cac&#8221; text_orientation=&#8221;center&#8221; hover_enabled=&#8221;0&#8243; locked=&#8221;off&#8221; global_colors_info=&#8221;{}&#8221;]<\/p>\n<p>Explora las experiencias de quienes han confiado en Wealth 4 Your Life para asegurar su futuro financiero.<\/p>\n<p>[\/et_pb_text][et_pb_button button_text=&#8221;Leer Testimonios&#8221; button_alignment=&#8221;center&#8221; _builder_version=&#8221;4.24.3&#8243; _module_preset=&#8221;1bffc0fc-42a0-49d1-bd9a-ae3ade2d7206&#8243; button_bg_color=&#8221;gcid-secondary-color&#8221; hover_enabled=&#8221;0&#8243; locked=&#8221;off&#8221; global_colors_info=&#8221;{%22gcid-secondary-color%22:%91%22button_bg_color%22%93}&#8221;][\/et_pb_button][et_pb_image src=&#8221;https:\/\/images.unsplash.com\/photo-1600880292203-757bb62b4baf?ixid=M3w1ODkyNzF8MHwxfHNlYXJjaHw5fHxidXNpbmVzcyUyMG1lZXRpbmd8ZW58MHwwfHx8MTczNzc5NTU0M3ww&#038;ixlib=rb-4.0.3&#038;fm=webp&#038;fit=crop&#038;crop=entropy&#038;w=1080&#038;h=600&#038;q=20&#038;dpr=2&#8243; title_text=&#8221;1080&#215;600&#8243; align=&#8221;center&#8221; _builder_version=&#8221;4.25.2&#8243; _module_preset=&#8221;1cc6152f-565c-4c4d-b0c9-cf8c9576c341&#8243; hover_enabled=&#8221;0&#8243; box_shadow_style=&#8221;preset4&#8243; box_shadow_horizontal=&#8221;0px&#8221; box_shadow_vertical=&#8221;24px&#8221; box_shadow_blur=&#8221;72px&#8221; box_shadow_spread=&#8221;-12px&#8221; locked=&#8221;off&#8221; global_colors_info=&#8221;{}&#8221;][\/et_pb_image][\/et_pb_column][\/et_pb_row][\/et_pb_section][et_pb_section fb_built=&#8221;1&#8243; admin_label=&#8221;Testimonials&#8221; _builder_version=&#8221;4.18.0&#8243; _module_preset=&#8221;default&#8221; hover_enabled=&#8221;0&#8243; locked=&#8221;off&#8221; template_type=&#8221;section&#8221; collapsed=&#8221;on&#8221; global_colors_info=&#8221;{}&#8221;][et_pb_row _builder_version=&#8221;4.18.0&#8243; _module_preset=&#8221;5138c454-be54-4233-bd3b-f8e6a8747976&#8243; hover_enabled=&#8221;0&#8243; global_colors_info=&#8221;{}&#8221;][et_pb_column type=&#8221;4_4&#8243; _builder_version=&#8221;4.17.3&#8243; _module_preset=&#8221;73121f80-a3ef-4484-8763-c3f18e3c56d2&#8243; hover_enabled=&#8221;0&#8243; global_colors_info=&#8221;{}&#8221;][et_pb_heading title=&#8221;Lo Que Dicen Nuestros Clientes&#8221; _builder_version=&#8221;4.24.2&#8243; _module_preset=&#8221;c33f07d9-41e0-421a-8799-5799df695cce&#8221; hover_enabled=&#8221;0&#8243; locked=&#8221;off&#8221; global_colors_info=&#8221;{}&#8221;][\/et_pb_heading][\/et_pb_column][\/et_pb_row][et_pb_row column_structure=&#8221;1_3,1_3,1_3&#8243; _builder_version=&#8221;4.18.0&#8243; _module_preset=&#8221;5138c454-be54-4233-bd3b-f8e6a8747976&#8243; hover_enabled=&#8221;0&#8243; global_colors_info=&#8221;{}&#8221;][et_pb_column type=&#8221;1_3&#8243; _builder_version=&#8221;4.17.3&#8243; _module_preset=&#8221;73121f80-a3ef-4484-8763-c3f18e3c56d2&#8243; hover_enabled=&#8221;0&#8243; global_colors_info=&#8221;{}&#8221;][et_pb_text _builder_version=&#8221;4.24.3&#8243; _module_preset=&#8221;default&#8221; text_text_color=&#8221;gcid-primary-color&#8221; text_font_size=&#8221;24px&#8221; text_letter_spacing=&#8221;4px&#8221; hover_enabled=&#8221;0&#8243; locked=&#8221;off&#8221; global_colors_info=&#8221;{%22gcid-f2943306-fa6c-45f0-b632-5fc00151366a%22:%91%22link_text_color%22,%22link_text_color%22,%22link_text_color%22%93,%22gcid-primary-color%22:%91%22text_text_color%22%93}&#8221;]<\/p>\n<p><b>\u2605<\/b><b>\u2605<\/b><b>\u2605<\/b><b>\u2605<\/b><b>\u2605<\/b><\/p>\n<p>[\/et_pb_text][et_pb_text _builder_version=&#8221;4.24.3&#8243; _module_preset=&#8221;ca5459fa-2abd-4000-9b59-3cb483bcc17e&#8221; text_font=&#8221;&#8211;et_global_body_font|700|||||||&#8221; text_text_color=&#8221;gcid-heading-color&#8221; hover_enabled=&#8221;0&#8243; locked=&#8221;off&#8221; global_colors_info=&#8221;{%22gcid-primary-color%22:%91%22link_text_color%22,%22link_text_color%22%93,%22gcid-heading-color%22:%91%22header_text_color%22,%22header_4_text_color%22,%22header_3_text_color%22,%22header_2_text_color%22,%22header_5_text_color%22,%22header_6_text_color%22,%22quote_text_color%22,%22text_text_color%22%93,%22gcid-secondary-color%22:%91%22quote_border_color%22,%22quote_border_color%22%93}&#8221;]<\/p>\n<p>Gracias a Wealth 4 Your Life, he podido establecer mi negocio con una base s\u00f3lida y segura. Su asesor\u00eda fue clave para mi \u00e9xito.<\/p>\n<p>[\/et_pb_text][et_pb_text _builder_version=&#8221;4.24.2&#8243; _module_preset=&#8221;2c55a9c4-feed-423b-9edb-ae0b5b365cac&#8221; hover_enabled=&#8221;0&#8243; global_colors_info=&#8221;{}&#8221;]<\/p>\n<p>Mar\u00eda Gonz\u00e1lez<\/p>\n<p>[\/et_pb_text][\/et_pb_column][et_pb_column type=&#8221;1_3&#8243; _builder_version=&#8221;4.17.3&#8243; _module_preset=&#8221;73121f80-a3ef-4484-8763-c3f18e3c56d2&#8243; hover_enabled=&#8221;0&#8243; global_colors_info=&#8221;{}&#8221;][et_pb_text _builder_version=&#8221;4.24.2&#8243; _module_preset=&#8221;default&#8221; text_text_color=&#8221;gcid-primary-color&#8221; text_font_size=&#8221;24px&#8221; text_letter_spacing=&#8221;4px&#8221; hover_enabled=&#8221;0&#8243; locked=&#8221;off&#8221; global_colors_info=&#8221;{%22gcid-f2943306-fa6c-45f0-b632-5fc00151366a%22:%91%22link_text_color%22,%22link_text_color%22%93,%22gcid-primary-color%22:%91%22text_text_color%22%93}&#8221;]<\/p>\n<p><b>\u2605<\/b><b>\u2605<\/b><b>\u2605<\/b><b>\u2605<\/b><b>\u2605<\/b><\/p>\n<p>[\/et_pb_text][et_pb_text _builder_version=&#8221;4.24.3&#8243; _module_preset=&#8221;ca5459fa-2abd-4000-9b59-3cb483bcc17e&#8221; text_font=&#8221;&#8211;et_global_body_font|700|||||||&#8221; text_text_color=&#8221;gcid-heading-color&#8221; hover_enabled=&#8221;0&#8243; locked=&#8221;off&#8221; global_colors_info=&#8221;{%22gcid-primary-color%22:%91%22link_text_color%22,%22link_text_color%22%93,%22gcid-heading-color%22:%91%22header_text_color%22,%22header_4_text_color%22,%22header_3_text_color%22,%22header_2_text_color%22,%22header_5_text_color%22,%22header_6_text_color%22,%22quote_text_color%22,%22text_text_color%22%93,%22gcid-secondary-color%22:%91%22quote_border_color%22,%22quote_border_color%22%93}&#8221;]<\/p>\n<p>La formaci\u00f3n que recib\u00ed fue excepcional. Ahora entiendo mejor c\u00f3mo manejar mis finanzas y asegurar mi patrimonio.<\/p>\n<p>[\/et_pb_text][et_pb_text _builder_version=&#8221;4.24.2&#8243; _module_preset=&#8221;2c55a9c4-feed-423b-9edb-ae0b5b365cac&#8221; hover_enabled=&#8221;0&#8243; locked=&#8221;off&#8221; global_colors_info=&#8221;{}&#8221;]<\/p>\n<p>Carlos P\u00e9rez<\/p>\n<p>[\/et_pb_text][\/et_pb_column][et_pb_column type=&#8221;1_3&#8243; _builder_version=&#8221;4.17.3&#8243; _module_preset=&#8221;73121f80-a3ef-4484-8763-c3f18e3c56d2&#8243; hover_enabled=&#8221;0&#8243; global_colors_info=&#8221;{}&#8221;][et_pb_text _builder_version=&#8221;4.24.2&#8243; _module_preset=&#8221;default&#8221; text_text_color=&#8221;gcid-primary-color&#8221; text_font_size=&#8221;24px&#8221; text_letter_spacing=&#8221;4px&#8221; hover_enabled=&#8221;0&#8243; locked=&#8221;off&#8221; global_colors_info=&#8221;{%22gcid-f2943306-fa6c-45f0-b632-5fc00151366a%22:%91%22link_text_color%22,%22link_text_color%22%93,%22gcid-primary-color%22:%91%22text_text_color%22%93}&#8221;]<\/p>\n<p><b>\u2605<\/b><b>\u2605<\/b><b>\u2605<\/b><b>\u2605<\/b><b>\u2605<\/b><\/p>\n<p>[\/et_pb_text][et_pb_text _builder_version=&#8221;4.24.3&#8243; _module_preset=&#8221;ca5459fa-2abd-4000-9b59-3cb483bcc17e&#8221; text_font=&#8221;&#8211;et_global_body_font|700|||||||&#8221; text_text_color=&#8221;gcid-heading-color&#8221; hover_enabled=&#8221;0&#8243; locked=&#8221;off&#8221; global_colors_info=&#8221;{%22gcid-primary-color%22:%91%22link_text_color%22,%22link_text_color%22%93,%22gcid-heading-color%22:%91%22header_text_color%22,%22header_4_text_color%22,%22header_3_text_color%22,%22header_2_text_color%22,%22header_5_text_color%22,%22header_6_text_color%22,%22quote_text_color%22,%22text_text_color%22%93,%22gcid-secondary-color%22:%91%22quote_border_color%22,%22quote_border_color%22%93}&#8221;]<\/p>\n<p>El equipo de Wealth 4 Your Life me brind\u00f3 la confianza necesaria para expandir mi empresa. Su profesionalismo es inigualable.<\/p>\n<p>[\/et_pb_text][et_pb_text _builder_version=&#8221;4.24.3&#8243; _module_preset=&#8221;2c55a9c4-feed-423b-9edb-ae0b5b365cac&#8221; hover_enabled=&#8221;0&#8243; locked=&#8221;off&#8221; global_colors_info=&#8221;{}&#8221;]<\/p>\n<p>Luc\u00eda Fern\u00e1ndez<\/p>\n<p>[\/et_pb_text][\/et_pb_column][\/et_pb_row][\/et_pb_section][et_pb_section fb_built=&#8221;1&#8243; admin_label=&#8221;Quote&#8221; _builder_version=&#8221;4.17.6&#8243; _module_preset=&#8221;default&#8221; hover_enabled=&#8221;0&#8243; locked=&#8221;off&#8221; template_type=&#8221;section&#8221; collapsed=&#8221;on&#8221; global_colors_info=&#8221;{}&#8221;][et_pb_row _builder_version=&#8221;4.17.6&#8243; _module_preset=&#8221;5138c454-be54-4233-bd3b-f8e6a8747976&#8243; hover_enabled=&#8221;0&#8243; global_colors_info=&#8221;{}&#8221;][et_pb_column type=&#8221;4_4&#8243; _builder_version=&#8221;4.16&#8243; _module_preset=&#8221;73121f80-a3ef-4484-8763-c3f18e3c56d2&#8243; hover_enabled=&#8221;0&#8243; global_colors_info=&#8221;{}&#8221;][et_pb_icon font_icon=&#8221;&#xf10d;||fa||900&#8243; icon_color=&#8221;gcid-secondary-color&#8221; align=&#8221;center&#8221; module_class=&#8221;ai_ignore_font_icon&#8221; _builder_version=&#8221;4.24.3&#8243; _module_preset=&#8221;c2c23269-d09e-4bca-9247-65cd5ecf15a9&#8243; hover_enabled=&#8221;0&#8243; global_colors_info=&#8221;{%22gcid-secondary-color%22:%91%22icon_color%22%93}&#8221;][\/et_pb_icon][et_pb_heading title=&#8221;%22La mejor decisi\u00f3n fue confiar en Wealth 4 Your Life para guiar mi camino empresarial.%22&#8243; _builder_version=&#8221;4.24.3&#8243; _module_preset=&#8221;ba4a6336-701f-47b8-bf5c-09da0ce28016&#8243; title_text_align=&#8221;center&#8221; hover_enabled=&#8221;0&#8243; locked=&#8221;off&#8221; global_colors_info=&#8221;{}&#8221;][\/et_pb_heading][et_pb_image src=&#8221;https:\/\/wealth4your.life\/wp-content\/uploads\/2025\/01\/new-portrait-4-800&#215;800-1-800&#215;800.jpg&#8221; title_text=&#8221;new-portrait-4-800&#215;800&#8243; align=&#8221;center&#8221; module_class=&#8221;ai_ignore_src&#8221; _builder_version=&#8221;4.24.3&#8243; _module_preset=&#8221;03d3e0d6-ca62-4db3-bf94-fe834a50937e&#8221; max_height=&#8221;64px&#8221; custom_margin=&#8221;||10px||false|false&#8221; hover_enabled=&#8221;0&#8243; border_radii=&#8221;on|100px|100px|100px|100px&#8221; global_colors_info=&#8221;{}&#8221;][\/et_pb_image][et_pb_heading title=&#8221;Ana Mart\u00ednez&#8221; _builder_version=&#8221;4.24.3&#8243; _module_preset=&#8221;a3805066-8711-43c7-9f62-5782da0e9f7a&#8221; title_text_align=&#8221;center&#8221; hover_enabled=&#8221;0&#8243; locked=&#8221;off&#8221; global_colors_info=&#8221;{}&#8221;][\/et_pb_heading][et_pb_text _builder_version=&#8221;4.24.3&#8243; _module_preset=&#8221;2c55a9c4-feed-423b-9edb-ae0b5b365cac&#8221; text_orientation=&#8221;center&#8221; hover_enabled=&#8221;0&#8243; global_colors_info=&#8221;{}&#8221;]Emprendedora y Cliente Satisfecha[\/et_pb_text][\/et_pb_column][\/et_pb_row][\/et_pb_section][et_pb_section fb_built=&#8221;1&#8243; admin_label=&#8221;Call to Action&#8221; _builder_version=&#8221;4.23.1&#8243; _module_preset=&#8221;default&#8221; hover_enabled=&#8221;0&#8243; locked=&#8221;off&#8221; template_type=&#8221;section&#8221; collapsed=&#8221;on&#8221; global_colors_info=&#8221;{}&#8221;][et_pb_row _builder_version=&#8221;4.18.0&#8243; _module_preset=&#8221;5138c454-be54-4233-bd3b-f8e6a8747976&#8243; hover_enabled=&#8221;0&#8243; global_colors_info=&#8221;{}&#8221;][et_pb_column type=&#8221;4_4&#8243; _builder_version=&#8221;4.17.6&#8243; _module_preset=&#8221;73121f80-a3ef-4484-8763-c3f18e3c56d2&#8243; hover_enabled=&#8221;0&#8243; global_colors_info=&#8221;{}&#8221;][et_pb_cta title=&#8221;\u00a1Cont\u00e1ctanos para M\u00e1s Informaci\u00f3n!&#8221; button_url=&#8221;#&#8221; button_text=&#8221;Descubre M\u00e1s&#8221; _builder_version=&#8221;4.24.3&#8243; _module_preset=&#8221;be0cc754-576a-4b1c-868d-f6226f85de4d&#8221; header_text_align=&#8221;left&#8221; body_text_align=&#8221;left&#8221; button_alignment=&#8221;left&#8221; hover_enabled=&#8221;0&#8243; locked=&#8221;off&#8221; global_colors_info=&#8221;{%22gcid-828accbb-1ed2-407d-95be-20ab4e191566%22:%91%22border_color_all%22%93,%22gcid-heading-color%22:%91%22header_text_color%22%93,%22gcid-body-color%22:%91%22body_text_color%22%93,%22gcid-f2943306-fa6c-45f0-b632-5fc00151366a%22:%91%22button_text_color%22,%22button_text_color%22%93,%22gcid-36fd78a7-34bc-404d-873c-dafa34efaae5%22:%91%22button_text_color%22,%22button_text_color%22,%22button_text_color%22%93}&#8221; text_font_size_tablet=&#8221;16px&#8221; text_font_size_phone=&#8221;14px&#8221; text_font_size_last_edited=&#8221;on|phone&#8221;]<\/p>\n<p>\u00bfInteresado en maximizar tu patrimonio y asegurar tu legado? Ponte en contacto con nosotros hoy mismo para explorar c\u00f3mo nuestros servicios pueden transformar tu futuro financiero.<\/p>\n<p>[\/et_pb_cta][\/et_pb_column][\/et_pb_row][\/et_pb_section]<\/p>\n","protected":false},"excerpt":{"rendered":"<p>Explora las experiencias de quienes han confiado en Wealth 4 Your Life para asegurar su futuro financiero.\u2605\u2605\u2605\u2605\u2605Gracias a Wealth 4 Your Life, he podido establecer mi negocio con una base s\u00f3lida y segura. Su asesor\u00eda fue clave para mi \u00e9xito.Mar\u00eda Gonz\u00e1lez\u2605\u2605\u2605\u2605\u2605La formaci\u00f3n que recib\u00ed fue excepcional. Ahora entiendo mejor c\u00f3mo manejar mis finanzas y asegurar [&hellip;]<\/p>\n","protected":false},"author":1,"featured_media":0,"parent":0,"menu_order":0,"comment_status":"closed","ping_status":"closed","template":"","meta":{"_et_pb_use_builder":"on","_et_pb_old_content":"","_et_gb_content_width":"","footnotes":""},"class_list":["post-15","page","type-page","status-publish","hentry"],"_links":{"self":[{"href":"https:\/\/wealth4your.life\/index.php?rest_route=\/wp\/v2\/pages\/15","targetHints":{"allow":["GET"]}}],"collection":[{"href":"https:\/\/wealth4your.life\/index.php?rest_route=\/wp\/v2\/pages"}],"about":[{"href":"https:\/\/wealth4your.life\/index.php?rest_route=\/wp\/v2\/types\/page"}],"author":[{"embeddable":true,"href":"https:\/\/wealth4your.life\/index.php?rest_route=\/wp\/v2\/users\/1"}],"replies":[{"embeddable":true,"href":"https:\/\/wealth4your.life\/index.php?rest_route=%2Fwp%2Fv2%2Fcomments&post=15"}],"version-history":[{"count":1,"href":"https:\/\/wealth4your.life\/index.php?rest_route=\/wp\/v2\/pages\/15\/revisions"}],"predecessor-version":[{"id":24,"href":"https:\/\/wealth4your.life\/index.php?rest_route=\/wp\/v2\/pages\/15\/revisions\/24"}],"wp:attachment":[{"href":"https:\/\/wealth4your.life\/index.php?rest_route=%2Fwp%2Fv2%2Fmedia&parent=15"}],"curies":[{"name":"wp","href":"https:\/\/api.w.org\/{rel}","templated":true}]}}